{"id":39,"date":"2022-11-06T22:04:36","date_gmt":"2022-11-06T21:04:36","guid":{"rendered":"https:\/\/www2.btob.ma\/?page_id=39"},"modified":"2022-11-07T21:20:58","modified_gmt":"2022-11-07T20:20:58","slug":"demander-une-demonstration","status":"publish","type":"page","link":"https:\/\/btob.ma\/home\/fr\/demander-une-demonstration\/","title":{"rendered":"Demander une d\u00e9monstration"},"content":{"rendered":"\n<h2 class=\"wp-block-heading\">Nous vous invitons de remplir le formulaire ci-dessous pour vous pr\u00e9parer une offre sur mesure de votre \u00e9v\u00e9nement.<\/h2>\n\n\n<div class=\"wpforms-container wpforms-container-full\" id=\"wpforms-60\"><form id=\"wpforms-form-60\" class=\"wpforms-validate wpforms-form wpforms-ajax-form\" data-formid=\"60\" method=\"post\" enctype=\"multipart\/form-data\" action=\"\/home\/fr\/wp-json\/wp\/v2\/pages\/39\" data-token=\"dd666e322a88cf805b9ed0f860aa4d60\"><noscript class=\"wpforms-error-noscript\">Veuillez activer JavaScript dans votre navigateur pour remplir ce formulaire.<\/noscript><div class=\"wpforms-field-container\"><div id=\"wpforms-60-field_1-container\" class=\"wpforms-field wpforms-field-name\" data-field-id=\"1\"><label class=\"wpforms-field-label\" for=\"wpforms-60-field_1\">Nom <span class=\"wpforms-required-label\">*<\/span><\/label><div class=\"wpforms-field-row wpforms-field-large\"><div class=\"wpforms-field-row-block wpforms-first wpforms-one-half\"><input type=\"text\" id=\"wpforms-60-field_1\" class=\"wpforms-field-name-first wpforms-field-required\" name=\"wpforms[fields][1][first]\" required><label for=\"wpforms-60-field_1\" class=\"wpforms-field-sublabel after \">Pr\u00e9nom<\/label><\/div><div class=\"wpforms-field-row-block wpforms-one-half\"><input type=\"text\" id=\"wpforms-60-field_1-last\" class=\"wpforms-field-name-last wpforms-field-required\" name=\"wpforms[fields][1][last]\" required><label for=\"wpforms-60-field_1-last\" class=\"wpforms-field-sublabel after \">Nom<\/label><\/div><\/div><\/div><div id=\"wpforms-60-field_7-container\" class=\"wpforms-field wpforms-field-text\" data-field-id=\"7\"><label class=\"wpforms-field-label\" for=\"wpforms-60-field_7\">Entreprise <span class=\"wpforms-required-label\">*<\/span><\/label><input type=\"text\" id=\"wpforms-60-field_7\" class=\"wpforms-field-large wpforms-field-required\" name=\"wpforms[fields][7]\" required><\/div><div id=\"wpforms-60-field_8-container\" class=\"wpforms-field wpforms-field-text\" data-field-id=\"8\"><label class=\"wpforms-field-label\" for=\"wpforms-60-field_8\">Intitul\u00e9 de l&#039;\u00e9v\u00e9nement <span class=\"wpforms-required-label\">*<\/span><\/label><input type=\"text\" id=\"wpforms-60-field_8\" class=\"wpforms-field-large wpforms-field-required\" name=\"wpforms[fields][8]\" required><\/div><div id=\"wpforms-60-field_9-container\" class=\"wpforms-field wpforms-field-text\" data-field-id=\"9\"><label class=\"wpforms-field-label\" for=\"wpforms-60-field_9\">Lieu de l&#039;\u00e9v\u00e9nement <span class=\"wpforms-required-label\">*<\/span><\/label><input type=\"text\" id=\"wpforms-60-field_9\" class=\"wpforms-field-large wpforms-field-required\" name=\"wpforms[fields][9]\" required><\/div><div id=\"wpforms-60-field_10-container\" class=\"wpforms-field wpforms-field-text\" data-field-id=\"10\"><label class=\"wpforms-field-label\" for=\"wpforms-60-field_10\">Date de l&#039;\u00e9v\u00e9nement <span class=\"wpforms-required-label\">*<\/span><\/label><input type=\"text\" id=\"wpforms-60-field_10\" class=\"wpforms-field-large wpforms-field-required\" name=\"wpforms[fields][10]\" required><\/div><div id=\"wpforms-60-field_12-container\" class=\"wpforms-field wpforms-field-number\" data-field-id=\"12\"><label class=\"wpforms-field-label\" for=\"wpforms-60-field_12\">Nombre de jours <span class=\"wpforms-required-label\">*<\/span><\/label><input type=\"number\" pattern=\"\\d*\" id=\"wpforms-60-field_12\" class=\"wpforms-field-medium wpforms-field-required\" name=\"wpforms[fields][12]\" required><\/div><div id=\"wpforms-60-field_13-container\" class=\"wpforms-field wpforms-field-number\" data-field-id=\"13\"><label class=\"wpforms-field-label\" for=\"wpforms-60-field_13\">Nombre attendu de participants (copier) <span class=\"wpforms-required-label\">*<\/span><\/label><input type=\"number\" pattern=\"\\d*\" id=\"wpforms-60-field_13\" class=\"wpforms-field-medium wpforms-field-required\" name=\"wpforms[fields][13]\" required><\/div><div id=\"wpforms-60-field_14-container\" class=\"wpforms-field wpforms-field-select wpforms-field-select-style-classic\" data-field-id=\"14\"><label class=\"wpforms-field-label\" for=\"wpforms-60-field_14\">Formules choisie <span class=\"wpforms-required-label\">*<\/span><\/label><select id=\"wpforms-60-field_14\" class=\"wpforms-field-medium wpforms-field-required\" name=\"wpforms[fields][14]\" required=\"required\"><option value=\"Offre Technologique\" >Offre Technologique<\/option><option value=\"Offre d\u2019accompagnement\" >Offre d\u2019accompagnement<\/option><\/select><\/div><div id=\"wpforms-60-field_2-container\" class=\"wpforms-field wpforms-field-email\" data-field-id=\"2\"><label class=\"wpforms-field-label\" for=\"wpforms-60-field_2\">Votre Email <span class=\"wpforms-required-label\">*<\/span><\/label><input type=\"email\" id=\"wpforms-60-field_2\" class=\"wpforms-field-medium wpforms-field-required\" name=\"wpforms[fields][2]\" required><\/div><div id=\"wpforms-60-field_3-container\" class=\"wpforms-field wpforms-field-text\" data-field-id=\"3\"><label class=\"wpforms-field-label\" for=\"wpforms-60-field_3\">Votre Num\u00e9ro GSM  <span class=\"wpforms-required-label\">*<\/span><\/label><input type=\"text\" id=\"wpforms-60-field_3\" class=\"wpforms-field-medium wpforms-field-required\" name=\"wpforms[fields][3]\" required><\/div><div id=\"wpforms-60-field_6-container\" class=\"wpforms-field wpforms-field-textarea\" data-field-id=\"6\"><label class=\"wpforms-field-label\" for=\"wpforms-60-field_6\">Autres informations ou vos questions <\/label><textarea id=\"wpforms-60-field_6\" class=\"wpforms-field-medium\" name=\"wpforms[fields][6]\" ><\/textarea><\/div><\/div><div class=\"wpforms-submit-container\"><input type=\"hidden\" name=\"wpforms[id]\" value=\"60\"><input type=\"hidden\" name=\"wpforms[author]\" value=\"1\"><button type=\"submit\" name=\"wpforms[submit]\" id=\"wpforms-submit-60\" class=\"wpforms-submit btn btn-primary\" data-alt-text=\"En cours d&#039;envoi...\" data-submit-text=\"Envoyer\" aria-live=\"assertive\" value=\"wpforms-submit\">Envoyer<\/button><img loading=\"lazy\" decoding=\"async\" src=\"https:\/\/btob.ma\/home\/wp-content\/plugins\/wpforms-lite\/assets\/images\/submit-spin.svg\" class=\"wpforms-submit-spinner\" style=\"display: none;\" width=\"26\" height=\"26\" alt=\"Chargement en cours\"><\/div><\/form><\/div>  <!-- .wpforms-container -->","protected":false},"excerpt":{"rendered":"<p>Nous vous invitons de remplir le formulaire ci-dessous pour vous pr\u00e9parer une offre sur mesure de votre \u00e9v\u00e9nement.<\/p>\n","protected":false},"author":1,"featured_media":0,"parent":0,"menu_order":0,"comment_status":"closed","ping_status":"closed","template":"","meta":{"footnotes":""},"class_list":["post-39","page","type-page","status-publish","hentry"],"_links":{"self":[{"href":"https:\/\/btob.ma\/home\/fr\/wp-json\/wp\/v2\/pages\/39","targetHints":{"allow":["GET"]}}],"collection":[{"href":"https:\/\/btob.ma\/home\/fr\/wp-json\/wp\/v2\/pages"}],"about":[{"href":"https:\/\/btob.ma\/home\/fr\/wp-json\/wp\/v2\/types\/page"}],"author":[{"embeddable":true,"href":"https:\/\/btob.ma\/home\/fr\/wp-json\/wp\/v2\/users\/1"}],"replies":[{"embeddable":true,"href":"https:\/\/btob.ma\/home\/fr\/wp-json\/wp\/v2\/comments?post=39"}],"version-history":[{"count":8,"href":"https:\/\/btob.ma\/home\/fr\/wp-json\/wp\/v2\/pages\/39\/revisions"}],"predecessor-version":[{"id":140,"href":"https:\/\/btob.ma\/home\/fr\/wp-json\/wp\/v2\/pages\/39\/revisions\/140"}],"wp:attachment":[{"href":"https:\/\/btob.ma\/home\/fr\/wp-json\/wp\/v2\/media?parent=39"}],"curies":[{"name":"wp","href":"https:\/\/api.w.org\/{rel}","templated":true}]}}